{"id":148,"date":"2025-12-12T13:32:22","date_gmt":"2025-12-12T13:32:22","guid":{"rendered":"https:\/\/www.inasa.ch\/?post_type=product&#038;p=148"},"modified":"2025-12-12T14:09:12","modified_gmt":"2025-12-12T14:09:12","slug":"black-schoggi","status":"publish","type":"product","link":"https:\/\/www.inasa.ch\/index.php\/produkt\/black-schoggi\/","title":{"rendered":"Black Schoggi Single Barrique 2021 Ribera de Duero 150 cl"},"content":{"rendered":"<p>Es handelt sich um eine Auswahl der wertvollsten Weinberge. Ausschliesslich aus der Rebsorte Tinta del Pais (Tempranillo) hergestellt, reift er anschliessend 24 Monate in neuen franz\u00f6sischen Eichenf\u00e4ssern. Schliesslich erfolgt eine sorgf\u00e4ltige Auswahl von drei F\u00e4ssern (Single Barrique). Es existieren nur 450 Flaschen dieser einzigartigen Selektion abgef\u00fcllt in Magnumflaschen zu 150 cl.\u00a0 Alkoholgehalt 14,5 %.<\/p>\n","protected":false},"excerpt":{"rendered":"<p>Es handelt sich um eine Auswahl der wertvollsten Weinberge. Ausschliesslich aus der Rebsorte Tinta del Pais (Tempranillo) hergestellt, reift er anschliessend 24 Monate in neuen franz\u00f6sischen Eichenf\u00e4ssern. Schliesslich erfolgt eine sorgf\u00e4ltige Auswahl von drei F\u00e4ssern (Single Barrique). Es existieren nur 450 Flaschen dieser einzigartigen Selektion abgef\u00fcllt in Magnumflaschen zu 150 cl.\u00a0 Alkoholgehalt 14,5 %.<\/p>\n","protected":false},"featured_media":152,"comment_status":"closed","ping_status":"closed","template":"","meta":[],"product_brand":[],"product_cat":[18],"product_tag":[],"class_list":{"0":"post-148","1":"product","2":"type-product","3":"status-publish","4":"has-post-thumbnail","6":"product_cat-rotwein","8":"first","9":"instock","10":"shipping-taxable","11":"purchasable","12":"product-type-simple"},"jetpack_sharing_enabled":true,"_links":{"self":[{"href":"https:\/\/www.inasa.ch\/index.php\/wp-json\/wp\/v2\/product\/148","targetHints":{"allow":["GET"]}}],"collection":[{"href":"https:\/\/www.inasa.ch\/index.php\/wp-json\/wp\/v2\/product"}],"about":[{"href":"https:\/\/www.inasa.ch\/index.php\/wp-json\/wp\/v2\/types\/product"}],"replies":[{"embeddable":true,"href":"https:\/\/www.inasa.ch\/index.php\/wp-json\/wp\/v2\/comments?post=148"}],"wp:featuredmedia":[{"embeddable":true,"href":"https:\/\/www.inasa.ch\/index.php\/wp-json\/wp\/v2\/media\/152"}],"wp:attachment":[{"href":"https:\/\/www.inasa.ch\/index.php\/wp-json\/wp\/v2\/media?parent=148"}],"wp:term":[{"taxonomy":"product_brand","embeddable":true,"href":"https:\/\/www.inasa.ch\/index.php\/wp-json\/wp\/v2\/product_brand?post=148"},{"taxonomy":"product_cat","embeddable":true,"href":"https:\/\/www.inasa.ch\/index.php\/wp-json\/wp\/v2\/product_cat?post=148"},{"taxonomy":"product_tag","embeddable":true,"href":"https:\/\/www.inasa.ch\/index.php\/wp-json\/wp\/v2\/product_tag?post=148"}],"curies":[{"name":"wp","href":"https:\/\/api.w.org\/{rel}","templated":true}]}}