{"id":100,"date":"2025-08-31T09:12:12","date_gmt":"2025-08-31T09:12:12","guid":{"rendered":"http:\/\/www.inasa.ch\/?post_type=product&#038;p=100"},"modified":"2025-09-12T06:46:43","modified_gmt":"2025-09-12T06:46:43","slug":"linasa-6-magnum","status":"publish","type":"product","link":"https:\/\/www.inasa.ch\/index.php\/produkt\/linasa-6-magnum\/","title":{"rendered":"Single Barrique Linasa #5 Magnum 2018"},"content":{"rendered":"<p>Aus auserw\u00e4hlten und exklusiven Barrique Fass von 225 Liter.<\/p>\n<p>Trauben werden mehrere Monate luftgetrocknet (Apassimento), woraus der intensive Geschmack, seine Komplexit\u00e4t und Vielschichtigkeit resultiert.<\/p>\n<p>Der Single Barrique <strong>Linasa<\/strong> aus dem Jahre 2018 reift\u00a048 Monate in Barrique F\u00e4ssern von 225 Litern.<\/p>\n<p>Jede Flasche ist ein Sammlerst\u00fcck, einzigartig und Ausdruck h\u00f6chster Handwerkskunst. Es sind weltweit nur 240 Flaschen erh\u00e4ltlich davon 50 Flaschen im Parktheater<\/p>\n<p><strong>Traubensorten:<\/strong> Corvina und Corvinone 70%, Rondinella 20%, Andere 10%<\/p>\n<p>Inhalt 150 cl Magnum\u00a0 Alkohol\u00a0\u00a0 17\u00a0 Vol. %<\/p>\n","protected":false},"excerpt":{"rendered":"<p>Aus auserw\u00e4hlten und exklusiven Barrique Fass von 225 Liter. Trauben werden mehrere Monate luftgetrocknet (Apassimento), woraus der intensive Geschmack, seine Komplexit\u00e4t und Vielschichtigkeit resultiert. Der Single Barrique Linasa aus dem Jahre 2018 reift\u00a048 Monate in Barrique F\u00e4ssern von 225 Litern. Jede Flasche ist ein Sammlerst\u00fcck, einzigartig und Ausdruck h\u00f6chster Handwerkskunst. Es sind weltweit nur 240 [&hellip;]<\/p>\n","protected":false},"featured_media":135,"comment_status":"closed","ping_status":"closed","template":"","meta":[],"product_brand":[],"product_cat":[18],"product_tag":[],"class_list":{"0":"post-100","1":"product","2":"type-product","3":"status-publish","4":"has-post-thumbnail","6":"product_cat-rotwein","8":"first","9":"instock","10":"shipping-taxable","11":"purchasable","12":"product-type-simple"},"jetpack_sharing_enabled":true,"_links":{"self":[{"href":"https:\/\/www.inasa.ch\/index.php\/wp-json\/wp\/v2\/product\/100","targetHints":{"allow":["GET"]}}],"collection":[{"href":"https:\/\/www.inasa.ch\/index.php\/wp-json\/wp\/v2\/product"}],"about":[{"href":"https:\/\/www.inasa.ch\/index.php\/wp-json\/wp\/v2\/types\/product"}],"replies":[{"embeddable":true,"href":"https:\/\/www.inasa.ch\/index.php\/wp-json\/wp\/v2\/comments?post=100"}],"wp:featuredmedia":[{"embeddable":true,"href":"https:\/\/www.inasa.ch\/index.php\/wp-json\/wp\/v2\/media\/135"}],"wp:attachment":[{"href":"https:\/\/www.inasa.ch\/index.php\/wp-json\/wp\/v2\/media?parent=100"}],"wp:term":[{"taxonomy":"product_brand","embeddable":true,"href":"https:\/\/www.inasa.ch\/index.php\/wp-json\/wp\/v2\/product_brand?post=100"},{"taxonomy":"product_cat","embeddable":true,"href":"https:\/\/www.inasa.ch\/index.php\/wp-json\/wp\/v2\/product_cat?post=100"},{"taxonomy":"product_tag","embeddable":true,"href":"https:\/\/www.inasa.ch\/index.php\/wp-json\/wp\/v2\/product_tag?post=100"}],"curies":[{"name":"wp","href":"https:\/\/api.w.org\/{rel}","templated":true}]}}